{"id":79,"date":"2020-12-20T00:36:48","date_gmt":"2020-12-19T23:36:48","guid":{"rendered":"http:\/\/dyrygent.usermd.net\/wp-1\/?page_id=79"},"modified":"2021-04-05T16:59:51","modified_gmt":"2021-04-05T14:59:51","slug":"oferta","status":"publish","type":"page","link":"https:\/\/wegabis.info\/ns\/oferta\/","title":{"rendered":"OFERTA"},"content":{"rendered":"\n<p class=\"has-medium-font-size\">Zakres dzia\u0142ania stoczni to:<\/p>\n\n\n\n<ul class=\"has-medium-font-size\"><li>kompleksowe remonty obiekt\u00f3w p\u0142ywaj\u0105cych ze szczeg\u00f3lnym uwzgl\u0119dnieniem \u017celgugi \u015br\u00f3dl\u0105dowej,<\/li><li>budowa statk\u00f3w i obiekt\u00f3w p\u0142ywaj\u0105cych o ma\u0142ych gabarytach,<\/li><li>remonty klasowe, reklasyfikacje,<\/li><li>remonty awaryjne jednostek, silnik\u00f3w i wa\u0142\u00f3w \u015brubowych<\/li><li>remonty ster\u00f3w strumieniowych i urz\u0105dze\u0144 sterowych,<\/li><li>remonty i wymiana ruroci\u0105g\u00f3w i armatury,<\/li><li>remonty urz\u0105dze\u0144 elektrycznych,<\/li><li>remonty pomp,<\/li><li>remonty mechanizm\u00f3w pomocniczych,<\/li><li>remonty system\u00f3w automatyki,<\/li><li>defektacja urz\u0105dze\u0144 wyposa\u017cenia statk\u00f3w,<\/li><li>wykonanie bada\u0144 nieniszcz\u0105cych,<\/li><li>wykonywanie l\u0105dowych konstrukcji stalowych,<\/li><li>spawanie TIG, MIG, mosi\u0105dz, stal nierdzewana oraz aluminium,<\/li><li>prace kad\u0142ubowe wraz z konstrukcjami l\u0105dowymi,<\/li><li>prace konserwacyjne \u2013 malarskie,<\/li><li>projektowanie system\u00f3w ch\u0142odzenia, balatowych oraz osuszania,<\/li><li>projektowanie i wykonawstwo system\u00f3w centralnego ogrzewania zintegrowanych, zespolonych, jedno i dwu systemowych,<\/li><li>po\u015brednictwo, kupno, sprzeda\u017c statk\u00f3w i obiekt\u00f3w p\u0142ywaj\u0105cych<\/li><li>opieka, nadz\u00f3r, cz\u0119\u015bci zamienne, odbiory techniczne, wsp\u00f3\u0142praca z towarzystwami klasyfikacyjnym,<\/li><li>doradztwo techniczne,<\/li><\/ul>\n\n\n\n<p class=\"has-medium-font-size\">Dysponujemy:<\/p>\n\n\n\n<ul class=\"has-medium-font-size\"><li>biuro projektowe,<\/li><li>labolatorium automatyki,<\/li><li>piece hutnicze do wytopu tulei,<\/li><li>park maszynowy do obr\u00f3bki metali,<\/li><li>powierzchnia ca\u0142kowita terenu: 6000 m2;<\/li><li>d\u0142ugo\u015b\u0107 kei: 400 m;<\/li><li>mo\u017cliwo\u015bci d\u017awigowe: do 500 T;<\/li><li>dok: L \u2013 82 m; no\u015bno\u015b\u0107 420 T;<\/li><\/ul>\n\n\n\n<div class=\"wp-block-image\"><figure class=\"aligncenter size-large\"><img decoding=\"async\" src=\"http:\/\/wegabis.info\/ns\/wp-content\/uploads\/2020\/12\/obraz.png\" alt=\"\" class=\"wp-image-163\"\/><\/figure><\/div>\n","protected":false},"excerpt":{"rendered":"<p>Zakres dzia\u0142ania stoczni to: kompleksowe remonty obiekt\u00f3w p\u0142ywaj\u0105cych ze szczeg\u00f3lnym uwzgl\u0119dnieniem \u017celgugi \u015br\u00f3dl\u0105dowej, budowa statk\u00f3w i obiekt\u00f3w p\u0142ywaj\u0105cych o ma\u0142ych gabarytach, remonty klasowe, reklasyfikacje, remonty awaryjne jednostek, silnik\u00f3w i wa\u0142\u00f3w \u015brubowych remonty ster\u00f3w strumieniowych i urz\u0105dze\u0144 sterowych, remonty i wymiana<\/p>\n","protected":false},"author":1,"featured_media":0,"parent":0,"menu_order":0,"comment_status":"closed","ping_status":"closed","template":"","meta":[],"_links":{"self":[{"href":"https:\/\/wegabis.info\/ns\/wp-json\/wp\/v2\/pages\/79"}],"collection":[{"href":"https:\/\/wegabis.info\/ns\/wp-json\/wp\/v2\/pages"}],"about":[{"href":"https:\/\/wegabis.info\/ns\/wp-json\/wp\/v2\/types\/page"}],"author":[{"embeddable":true,"href":"https:\/\/wegabis.info\/ns\/wp-json\/wp\/v2\/users\/1"}],"replies":[{"embeddable":true,"href":"https:\/\/wegabis.info\/ns\/wp-json\/wp\/v2\/comments?post=79"}],"version-history":[{"count":1,"href":"https:\/\/wegabis.info\/ns\/wp-json\/wp\/v2\/pages\/79\/revisions"}],"predecessor-version":[{"id":183,"href":"https:\/\/wegabis.info\/ns\/wp-json\/wp\/v2\/pages\/79\/revisions\/183"}],"wp:attachment":[{"href":"https:\/\/wegabis.info\/ns\/wp-json\/wp\/v2\/media?parent=79"}],"curies":[{"name":"wp","href":"https:\/\/api.w.org\/{rel}","templated":true}]}}