{"id":75,"date":"2020-12-20T00:35:45","date_gmt":"2020-12-19T23:35:45","guid":{"rendered":"http:\/\/dyrygent.usermd.net\/wp-1\/?page_id=75"},"modified":"2020-12-20T00:35:45","modified_gmt":"2020-12-19T23:35:45","slug":"o-nas-2","status":"publish","type":"page","link":"https:\/\/wegabis.info\/ns\/","title":{"rendered":"O NAS"},"content":{"rendered":"\n<p class=\"has-text-align-left has-medium-font-size\">Stocznia remontowa Wega Bis istnieje od 1997 roku. <br><\/p>\n\n\n\n<p class=\"has-text-align-left has-medium-font-size\">Nasza firma ma du\u017ce do\u015bwiadczenie w zakresie remont\u00f3w bie\u017c\u0105cych oraz awaryjnych dla \u017ceglugi \u015br\u00f3dl\u0105dowej. Dotyczy to mi\u0119dzy innymi pchaczy, barek, motor\u00f3wek, holownik\u00f3w i innych jednostek p\u0142ywaj\u0105cych.<br>Wykonujemy prace konserwacyjno-malarskie, kad\u0142ubowe, \u015blusarskie, maszynowe, rurowe, stolarskie, elektryczne i automatyki okr\u0119towej. Oferujemy wsp\u00f3\u0142prac\u0119 w zakresie nadzoru i opieki technicznej, a tak\u017ce dostarczania cz\u0119\u015bci zamiennych dla jednostek p\u0142ywaj\u0105cych. Pomiar\u00f3w stopnia zu\u017cycia element\u00f3w oraz parametr\u00f3w regulacyjnych okr\u0119towych silnik\u00f3w wysokopr\u0119\u017cnych i n\/w mechanizm\u00f3w.<br>Wykonujemy konstrukcje stalowe zar\u00f3wno okr\u0119towe jak i l\u0105dowe.<br>Wszystkie prace opatrywane s\u0105 przez nas stosown\u0105 dokumentacj\u0105 techniczn\u0105.<br><\/p>\n\n\n\n<p class=\"has-text-align-left has-medium-font-size\">Stocznia Wega bis jest profesjonalnym partnerem zar\u00f3wno w po\u015brednictwie jak i wykonawstwie kompleksowych remont\u00f3w jednostek p\u0142ywaj\u0105cych.  Po\u015bredniczymy w kupnie i sprzeda\u017cy jednostek p\u0142ywaj\u0105cych. <br><\/p>\n\n\n\n<p class=\"has-text-align-left has-medium-font-size\">Niezale\u017cnie od tego czy nasi klienci znajduj\u0105 si\u0119 podczas rejs\u00f3w, czy te\u017c w porcie, mog\u0105 w ka\u017cdej chwili liczy\u0107 na gotowo\u015b\u0107 naszego wysoko wykwalifikowanego personelu do przyj\u0119cia ich zlecenia.<br><\/p>\n\n\n\n<p class=\"has-text-align-left has-medium-font-size\">Stocznia Wega bis sp. z o.o. stale wsp\u00f3\u0142pracuje z towarzystwami klasyfikacyjnymi (GL, DNV, BV, PRS) oraz z organami administracji pa\u0144stwowej (U\u017b\u015a, SUK, UM, KT).<\/p>\n\n\n\n<div class=\"wp-block-image\"><figure class=\"aligncenter size-large\"><img decoding=\"async\" src=\"http:\/\/wegabis.info\/ns\/wp-content\/uploads\/2020\/12\/obraz-1.png\" alt=\"\" class=\"wp-image-165\"\/><\/figure><\/div>\n","protected":false},"excerpt":{"rendered":"<p>Stocznia remontowa Wega Bis istnieje od 1997 roku. Nasza firma ma du\u017ce do\u015bwiadczenie w zakresie remont\u00f3w bie\u017c\u0105cych oraz awaryjnych dla \u017ceglugi \u015br\u00f3dl\u0105dowej. Dotyczy to mi\u0119dzy innymi pchaczy, barek, motor\u00f3wek, holownik\u00f3w i innych jednostek p\u0142ywaj\u0105cych.Wykonujemy prace konserwacyjno-malarskie, kad\u0142ubowe, \u015blusarskie, maszynowe, rurowe,<\/p>\n","protected":false},"author":1,"featured_media":0,"parent":0,"menu_order":0,"comment_status":"closed","ping_status":"closed","template":"","meta":[],"_links":{"self":[{"href":"https:\/\/wegabis.info\/ns\/wp-json\/wp\/v2\/pages\/75"}],"collection":[{"href":"https:\/\/wegabis.info\/ns\/wp-json\/wp\/v2\/pages"}],"about":[{"href":"https:\/\/wegabis.info\/ns\/wp-json\/wp\/v2\/types\/page"}],"author":[{"embeddable":true,"href":"https:\/\/wegabis.info\/ns\/wp-json\/wp\/v2\/users\/1"}],"replies":[{"embeddable":true,"href":"https:\/\/wegabis.info\/ns\/wp-json\/wp\/v2\/comments?post=75"}],"version-history":[{"count":0,"href":"https:\/\/wegabis.info\/ns\/wp-json\/wp\/v2\/pages\/75\/revisions"}],"wp:attachment":[{"href":"https:\/\/wegabis.info\/ns\/wp-json\/wp\/v2\/media?parent=75"}],"curies":[{"name":"wp","href":"https:\/\/api.w.org\/{rel}","templated":true}]}}