{"id":161,"date":"2020-12-19T23:34:39","date_gmt":"2020-12-19T22:34:39","guid":{"rendered":"http:\/\/dyrygent.usermd.net\/wp-1\/?page_id=2"},"modified":"2020-12-19T23:34:39","modified_gmt":"2020-12-19T22:34:39","slug":"przykladowa-strona-2","status":"publish","type":"page","link":"https:\/\/wegabis.info\/ns\/przykladowa-strona-2\/","title":{"rendered":"Klauzula RODO \/ GDPR"},"content":{"rendered":"\n<p class=\"has-medium-font-size\">Zgodnie z art. 13 ust. 1 i 2 Rozporz\u0105dzenia Parlamentu Europejskiego i Rady (UE) 2016\/679 z dnia 27 kwietnia 2016r. w sprawie ochrony os\u00f3b fizycznych w zwi\u0105zku z przetwarzaniem danych osobowych i w sprawie swobodnego przep\u0142ywu takich danych oraz uchylenia dyrektywy 95\/46\/WE (og\u00f3lne rozporz\u0105dzenie o ochronie danych \u2013 RODO) informujemy, \u017ce:<br>1. Administratorem danych osobowych jest P.W. Wega Bis sp z o.o. ul.Koksowa 5 70-031 Szczecin<br>2. Kontakt z naszym inspektorem ochrony danych jest mo\u017cliwy poprzez tel. (+48 91) 482 76 82<br>3. Pa\u0144stwa dane osobowe s\u0105 gromadzone i przetwarzane w celu prowadzenia korespondencji z Pa\u0144stwem oraz w celu, dla kt\u00f3rego zosta\u0142y nam udost\u0119pnione.<br>4. Dane osobowe b\u0119d\u0105 przechowywane przez okres niezb\u0119dny do prowadzenia z Pa\u0144stwem korespondencji na dany temat, a po tym czasie przez okres wymagany obowi\u0105zkami na\u0142o\u017conymi na administratora przepisami prawa. W zakresie ewentualnej wyra\u017conej zgody na przetwarzanie danych osobowych dane b\u0119d\u0105 przechowywane do czasu cofni\u0119cia zgody lub zaprzestania dzia\u0142alno\u015bci, kt\u00f3rej zgoda dotyczy.<br>5. Po zako\u0144czeniu przetwarzania dane osobowe nie b\u0119d\u0105 przetwarzane w innym celu ni\u017c pierwotny cel przetwarzania<br>6. Odbiorc\u0105 Pa\u0144stwa danych osobowych mog\u0105 by\u0107:<br>\u2022 podmioty, kt\u00f3rym Administrator zleca wykonanie czynno\u015bci, z kt\u00f3rymi wi\u0105\u017ce si\u0119 konieczno\u015b\u0107 przetwarzania danych<br>\u2022 podmioty uprawione do dost\u0119pu do danych osobowych na podstawie przepis\u00f3w prawa<br>7. Podmiot kt\u00f3rego dane s\u0105 przetwarzane w granicach okre\u015blonych w RODO ma prawo do \u017c\u0105dania od administratora dost\u0119pu do swoich danych osobowych, sprostowania, usuni\u0119cia lub ograniczenia przetwarzania lub wniesienia sprzeciwu wobec przetwarzania danych, a tak\u017ce przenoszenia danych oraz wniesienia skargi do organu nadzoruj\u0105cego przestrzeganie przepis\u00f3w ochrony danych osobowych, a w przypadku wyra\u017cenia dobrowolnej zgody na przetwarzanie danych osobowych \u2013 prawo do cofni\u0119cia tej zgody w dowolnym momencie, co nie wp\u0142ywa na zgodno\u015b\u0107 z prawem przetwarzania, kt\u00f3rego dokonano na podstawie zgody przed jej cofni\u0119ciem<\/p>\n","protected":false},"excerpt":{"rendered":"<p>Zgodnie z art. 13 ust. 1 i 2 Rozporz\u0105dzenia Parlamentu Europejskiego i Rady (UE) 2016\/679 z dnia 27 kwietnia 2016r. w sprawie ochrony os\u00f3b fizycznych w zwi\u0105zku z przetwarzaniem danych osobowych i w sprawie swobodnego przep\u0142ywu takich danych oraz uchylenia<\/p>\n","protected":false},"author":1,"featured_media":0,"parent":0,"menu_order":0,"comment_status":"closed","ping_status":"open","template":"","meta":[],"_links":{"self":[{"href":"https:\/\/wegabis.info\/ns\/wp-json\/wp\/v2\/pages\/161"}],"collection":[{"href":"https:\/\/wegabis.info\/ns\/wp-json\/wp\/v2\/pages"}],"about":[{"href":"https:\/\/wegabis.info\/ns\/wp-json\/wp\/v2\/types\/page"}],"author":[{"embeddable":true,"href":"https:\/\/wegabis.info\/ns\/wp-json\/wp\/v2\/users\/1"}],"replies":[{"embeddable":true,"href":"https:\/\/wegabis.info\/ns\/wp-json\/wp\/v2\/comments?post=161"}],"version-history":[{"count":0,"href":"https:\/\/wegabis.info\/ns\/wp-json\/wp\/v2\/pages\/161\/revisions"}],"wp:attachment":[{"href":"https:\/\/wegabis.info\/ns\/wp-json\/wp\/v2\/media?parent=161"}],"curies":[{"name":"wp","href":"https:\/\/api.w.org\/{rel}","templated":true}]}}