{"id":60,"date":"2021-04-05T21:00:32","date_gmt":"2021-04-05T19:00:32","guid":{"rendered":"http:\/\/wegabis.info\/nEN\/?page_id=60"},"modified":"2021-04-05T21:00:32","modified_gmt":"2021-04-05T19:00:32","slug":"info-de","status":"publish","type":"page","link":"https:\/\/wegabis.info\/nEN\/info-de\/","title":{"rendered":"Info DE"},"content":{"rendered":"\n<p class=\"has-medium-font-size\">Schiffsreparaturwerft &#8220;Wega Bis&#8221;<br>Stocznia Remontowa Wega Bis f\u00fchrt<\/p>\n\n\n\n<ul class=\"has-medium-font-size\"><li>M\u00e4ngel- und technische Zustandsbewertungen von Mechanismen und Ger\u00e4ten f\u00fcr PRS-, DNV-GL-, SUK-, KT<br>-Klassifikatoren &#8211; Bewertung des Verschlei\u00dfniveaus von Mechanismen hinsichtlich ihres weiteren Betriebs und m\u00f6glichen \u00dcberholungen durch &#8211; Reparaturspezifikationen f\u00fcr Reeder und KT,<\/li><li>Reparaturen von Ger\u00e4ten f\u00fcr \u00dcberwachung von TDT, UDT<\/li><li>Bau und Reparatur von Schiffen,<\/li><li>Bau und Renovierung von Raumstrukturen (Fachwerke)<\/li><li>Bau und Renovierung von Land- und Wasserstrukturen.<br>Wir sind spezialisiert auf Renovierungen<\/li><li>aktuelle und Klassenreparaturen<\/li><li>Reparaturen von Schiffsr\u00fcmpfen<\/li><li>Reparaturen von Zusatzger\u00e4ten<\/li><li>Verbrennungsmotoren,<\/li><li>Untersetzungs- und R\u00fcckw\u00e4rtsg\u00e4nge,<\/li><li>Untersetzungsgetriebe,<\/li><li>Festmacherwinden,<\/li><li>Ankerwinden,<\/li><li>Verbindung von Aufz\u00fcgen<br>Wir haben eine eigene Qualit\u00e4tskontrollabteilung, die<\/li><li>auf der Grundlage durchgef\u00fchrter Tests<\/li><li>Ausnahmekarten ausstellt,<\/li><li>Reparatur- und \u00dcberholungszertifikate gem\u00e4\u00df den verabschiedeten Normen und Klassifikatorempfehlungen<\/li><li>Messkarten reparierter Ger\u00e4te<\/li><li>zerst\u00f6rungsfreie Pr\u00fcfungen gem\u00e4\u00df den geltenden Klassifikatornormen<\/li><li>Blechdickenmessungen ausstellt<br>Wir haben Absolventen unter unseren Mitarbeitern<\/li><li>Technische Universit\u00e4t Stettin, Abteilung f\u00fcr Schiffbau, Fakult\u00e4t f\u00fcr Maschinenbau, Institut f\u00fcr Schiffbau &#8211; Universit\u00e4t f\u00fcr Schifffahrt, Abteilung f\u00fcr Schiffbau, &#8211; Mechaniker &#8211; Offiziere der Navigatoren<br>Wir haben<\/li><li>design B\u00fcro,<\/li><li>Automatisierungslabor,<\/li><li>Schmelz\u00f6fen zum Schmelzen von H\u00fclsen,<\/li><li>Maschinen f\u00fcr die Metallverarbeitung,<\/li><li>Gesamtfl\u00e4che des Gel\u00e4ndes: 6000 m2;<\/li><li>Liegeplatzl\u00e4nge: 400 m;<\/li><li>Tragf\u00e4higkeit: bis zu 500 T;<\/li><li>Dock: L &#8211; 82 m; Tragf\u00e4higkeit 420 T;<\/li><\/ul>\n\n\n\n<p><\/p>\n","protected":false},"excerpt":{"rendered":"<p>Schiffsreparaturwerft &#8220;Wega Bis&#8221;Stocznia Remontowa Wega Bis f\u00fchrt M\u00e4ngel- und technische Zustandsbewertungen von Mechanismen und Ger\u00e4ten f\u00fcr PRS-, DNV-GL-, SUK-, KT-Klassifikatoren &#8211; Bewertung des Verschlei\u00dfniveaus von Mechanismen hinsichtlich ihres weiteren Betriebs und m\u00f6glichen \u00dcberholungen durch &#8211; Reparaturspezifikationen f\u00fcr Reeder und KT,<\/p>\n","protected":false},"author":1,"featured_media":0,"parent":0,"menu_order":0,"comment_status":"closed","ping_status":"closed","template":"","meta":[],"_links":{"self":[{"href":"https:\/\/wegabis.info\/nEN\/wp-json\/wp\/v2\/pages\/60"}],"collection":[{"href":"https:\/\/wegabis.info\/nEN\/wp-json\/wp\/v2\/pages"}],"about":[{"href":"https:\/\/wegabis.info\/nEN\/wp-json\/wp\/v2\/types\/page"}],"author":[{"embeddable":true,"href":"https:\/\/wegabis.info\/nEN\/wp-json\/wp\/v2\/users\/1"}],"replies":[{"embeddable":true,"href":"https:\/\/wegabis.info\/nEN\/wp-json\/wp\/v2\/comments?post=60"}],"version-history":[{"count":1,"href":"https:\/\/wegabis.info\/nEN\/wp-json\/wp\/v2\/pages\/60\/revisions"}],"predecessor-version":[{"id":61,"href":"https:\/\/wegabis.info\/nEN\/wp-json\/wp\/v2\/pages\/60\/revisions\/61"}],"wp:attachment":[{"href":"https:\/\/wegabis.info\/nEN\/wp-json\/wp\/v2\/media?parent=60"}],"curies":[{"name":"wp","href":"https:\/\/api.w.org\/{rel}","templated":true}]}}